{"id":3254,"date":"2025-10-27T22:17:07","date_gmt":"2025-10-27T19:17:07","guid":{"rendered":"https:\/\/gezider.org\/international-project-management-and-implementation-team\/"},"modified":"2026-05-09T20:12:03","modified_gmt":"2026-05-09T17:12:03","slug":"international-project-management-and-implementation-team","status":"publish","type":"page","link":"https:\/\/gezider.org\/tr\/international-project-management-and-implementation-team\/","title":{"rendered":"Uluslararas\u0131 Proje Geli\u015ftirme ve Y\u00fcr\u00fctme Ekibi"},"content":{"rendered":"\t\t<div data-elementor-type=\"wp-page\" data-elementor-id=\"3254\" class=\"elementor elementor-3254\">\n\t\t\t\t\t\t<section class=\"elementor-section elementor-top-section elementor-element elementor-element-26709ba4 elementor-section-full_width elementor-section-height-default elementor-section-height-default\" data-id=\"26709ba4\" data-element_type=\"section\" data-e-type=\"section\">\n\t\t\t\t\t\t<div class=\"elementor-container elementor-column-gap-no\">\n\t\t\t\t\t<div class=\"elementor-column elementor-col-100 elementor-top-column elementor-element elementor-element-56a1310\" data-id=\"56a1310\" data-element_type=\"column\" data-e-type=\"column\">\n\t\t\t<div class=\"elementor-widget-wrap elementor-element-populated\">\n\t\t\t\t\t\t<div class=\"elementor-element elementor-element-5067ea5a elementor-widget elementor-widget-oxpins-team\" data-id=\"5067ea5a\" data-element_type=\"widget\" data-e-type=\"widget\" data-widget_type=\"oxpins-team.default\">\n\t\t\t\t<div class=\"elementor-widget-container\">\n\t\t\t\t\t\t<!--Team One Start-->\r\n\t<section class=\"team-one\">\r\n\t\t<div class=\"container\">\r\n\t\t\t<div class=\"row\">\r\n\t\t\t\t\t\t\t\t\t\t\t\t\t\t\t<!--Team One Single Start-->\r\n\t\t\t\t\t\t<div class=\"col-xl-3 col-lg-6 col-md-6 wow fadeInUp\" data-wow-delay=\"100ms\">\r\n\t\t\t\t\t\t\t<div class=\"team-one__single\">\r\n\t\t\t\t\t\t\t\t<div class=\"team-one__img\">\r\n\t\t\t\t\t\t\t\t\t\t\t\t\t\t\t\t\t\t\t<img decoding=\"async\" src=\"https:\/\/gezider.org\/wp-content\/uploads\/2025\/10\/Untitled-1208-x-1824-px-5.png\" alt=\"\">\r\n\t\t\t\t\t\t\t\t\t\t\t\t\t\t\t\t\t\t<div class=\"team-one__social\">\r\n\t\t\t\t\t\t\t\t\t\t\t\t\t\t\t\t\t\t\t<\/div>\r\n\t\t\t\t\t\t\t\t<\/div>\r\n\t\t\t\t\t\t\t\t<div class=\"team-one__content\">\r\n\t\t\t\t\t\t\t\t\t<h3 class=\"team-one__name\">\r\n\t\t\t\t\t\t\t\t\t\t\t\t\t\t\t\t\t\t\t\t\tMuhammet Ali USLU\t\t\t\t\t\t\t\t\t\t\t\t\t\t\t\t\t\t\t<\/h3>\r\n\t\t\t\t\t\t\t\t\t<p class=\"team-one__sub-title\">Team Lead<\/p>\r\n\t\t\t\t\t\t\t\t<\/div>\r\n\t\t\t\t\t\t\t<\/div>\r\n\t\t\t\t\t\t<\/div>\r\n\t\t\t\t\t\t<!--Team One Single End-->\r\n\t\t\t\t\t\t\t\t\t\t\t<!--Team One Single Start-->\r\n\t\t\t\t\t\t<div class=\"col-xl-3 col-lg-6 col-md-6 wow fadeInUp\" data-wow-delay=\"200ms\">\r\n\t\t\t\t\t\t\t<div class=\"team-one__single\">\r\n\t\t\t\t\t\t\t\t<div class=\"team-one__img\">\r\n\t\t\t\t\t\t\t\t\t\t\t\t\t\t\t\t\t\t\t<img decoding=\"async\" src=\"https:\/\/gezider.org\/wp-content\/uploads\/2025\/10\/6.png\" alt=\"\">\r\n\t\t\t\t\t\t\t\t\t\t\t\t\t\t\t\t\t\t<div class=\"team-one__social\">\r\n\t\t\t\t\t\t\t\t\t\t\t\t\t\t\t\t\t\t\t<\/div>\r\n\t\t\t\t\t\t\t\t<\/div>\r\n\t\t\t\t\t\t\t\t<div class=\"team-one__content\">\r\n\t\t\t\t\t\t\t\t\t<h3 class=\"team-one__name\">\r\n\t\t\t\t\t\t\t\t\t\t\t\t\t\t\t\t\t\t\t\t\tDamla Nur ERDO\u011eAN\t\t\t\t\t\t\t\t\t\t\t\t\t\t\t\t\t\t\t<\/h3>\r\n\t\t\t\t\t\t\t\t\t<p class=\"team-one__sub-title\">Volunteer<\/p>\r\n\t\t\t\t\t\t\t\t<\/div>\r\n\t\t\t\t\t\t\t<\/div>\r\n\t\t\t\t\t\t<\/div>\r\n\t\t\t\t\t\t<!--Team One Single End-->\r\n\t\t\t\t\t\t\t\t\t\t\t<!--Team One Single Start-->\r\n\t\t\t\t\t\t<div class=\"col-xl-3 col-lg-6 col-md-6 wow fadeInUp\" data-wow-delay=\"300ms\">\r\n\t\t\t\t\t\t\t<div class=\"team-one__single\">\r\n\t\t\t\t\t\t\t\t<div class=\"team-one__img\">\r\n\t\t\t\t\t\t\t\t\t\t\t\t\t\t\t\t\t\t\t<img decoding=\"async\" src=\"https:\/\/gezider.org\/wp-content\/uploads\/2025\/10\/7.png\" alt=\"\">\r\n\t\t\t\t\t\t\t\t\t\t\t\t\t\t\t\t\t\t<div class=\"team-one__social\">\r\n\t\t\t\t\t\t\t\t\t\t\t\t\t\t\t\t\t\t\t<\/div>\r\n\t\t\t\t\t\t\t\t<\/div>\r\n\t\t\t\t\t\t\t\t<div class=\"team-one__content\">\r\n\t\t\t\t\t\t\t\t\t<h3 class=\"team-one__name\">\r\n\t\t\t\t\t\t\t\t\t\t\t\t\t\t\t\t\t\t\t\t\tNupelda \u00d6TER\t\t\t\t\t\t\t\t\t\t\t\t\t\t\t\t\t\t\t<\/h3>\r\n\t\t\t\t\t\t\t\t\t<p class=\"team-one__sub-title\">Volunteer<\/p>\r\n\t\t\t\t\t\t\t\t<\/div>\r\n\t\t\t\t\t\t\t<\/div>\r\n\t\t\t\t\t\t<\/div>\r\n\t\t\t\t\t\t<!--Team One Single End-->\r\n\t\t\t\t\t\t\t\t\t\t\t<!--Team One Single Start-->\r\n\t\t\t\t\t\t<div class=\"col-xl-3 col-lg-6 col-md-6 wow fadeInUp\" data-wow-delay=\"400ms\">\r\n\t\t\t\t\t\t\t<div class=\"team-one__single\">\r\n\t\t\t\t\t\t\t\t<div class=\"team-one__img\">\r\n\t\t\t\t\t\t\t\t\t\t\t\t\t\t\t\t\t\t\t<img decoding=\"async\" src=\"https:\/\/gezider.org\/wp-content\/uploads\/2025\/10\/5-1.png\" alt=\"\">\r\n\t\t\t\t\t\t\t\t\t\t\t\t\t\t\t\t\t\t<div class=\"team-one__social\">\r\n\t\t\t\t\t\t\t\t\t\t\t\t\t\t\t\t\t\t\t<\/div>\r\n\t\t\t\t\t\t\t\t<\/div>\r\n\t\t\t\t\t\t\t\t<div class=\"team-one__content\">\r\n\t\t\t\t\t\t\t\t\t<h3 class=\"team-one__name\">\r\n\t\t\t\t\t\t\t\t\t\t\t\t\t\t\t\t\t\t\t\t\tZeliha YA\u015eAR\t\t\t\t\t\t\t\t\t\t\t\t\t\t\t\t\t\t\t<\/h3>\r\n\t\t\t\t\t\t\t\t\t<p class=\"team-one__sub-title\">Volunteer<\/p>\r\n\t\t\t\t\t\t\t\t<\/div>\r\n\t\t\t\t\t\t\t<\/div>\r\n\t\t\t\t\t\t<\/div>\r\n\t\t\t\t\t\t<!--Team One Single End-->\r\n\t\t\t\t\t\t\t\t\t\t\t<!--Team One Single Start-->\r\n\t\t\t\t\t\t<div class=\"col-xl-3 col-lg-6 col-md-6 wow fadeInUp\" data-wow-delay=\"500ms\">\r\n\t\t\t\t\t\t\t<div class=\"team-one__single\">\r\n\t\t\t\t\t\t\t\t<div class=\"team-one__img\">\r\n\t\t\t\t\t\t\t\t\t\t\t\t\t\t\t\t\t\t\t<img decoding=\"async\" src=\"https:\/\/gezider.org\/wp-content\/uploads\/2025\/10\/8.png\" alt=\"\">\r\n\t\t\t\t\t\t\t\t\t\t\t\t\t\t\t\t\t\t<div class=\"team-one__social\">\r\n\t\t\t\t\t\t\t\t\t\t\t\t\t\t\t\t\t\t\t<\/div>\r\n\t\t\t\t\t\t\t\t<\/div>\r\n\t\t\t\t\t\t\t\t<div class=\"team-one__content\">\r\n\t\t\t\t\t\t\t\t\t<h3 class=\"team-one__name\">\r\n\t\t\t\t\t\t\t\t\t\t\t\t\t\t\t\t\t\t\t\t\tS\u00fcmeyye \u0130\u00c7ER\t\t\t\t\t\t\t\t\t\t\t\t\t\t\t\t\t\t\t<\/h3>\r\n\t\t\t\t\t\t\t\t\t<p class=\"team-one__sub-title\">Volunteer<\/p>\r\n\t\t\t\t\t\t\t\t<\/div>\r\n\t\t\t\t\t\t\t<\/div>\r\n\t\t\t\t\t\t<\/div>\r\n\t\t\t\t\t\t<!--Team One Single End-->\r\n\t\t\t\t\t\t\t\t\t\t\t\t<\/div>\r\n\t\t<\/div>\r\n\t<\/section>\r\n\t<!--Team One End-->\r\n\t\t\t\t<\/div>\n\t\t\t\t<\/div>\n\t\t\t\t\t<\/div>\n\t\t<\/div>\n\t\t\t\t\t<\/div>\n\t\t<\/section>\n\t\t\t\t<\/div>\n\t\t","protected":false},"excerpt":{"rendered":"<p>Muhammet Ali USLU Ekip Lideri Damla Nur ERDO\u011eAN G\u00f6n\u00fcll\u00fc Nupelda \u00d6TER G\u00f6n\u00fcll\u00fc Zeliha YA\u015eAR G\u00f6n\u00fcll\u00fc S\u00fcmeyye \u0130\u00c7ER G\u00f6n\u00fcll\u00fc<\/p>\n","protected":false},"author":1,"featured_media":0,"parent":0,"menu_order":0,"comment_status":"closed","ping_status":"closed","template":"elementor_header_footer","meta":{"give_campaign_id":0,"footnotes":""},"class_list":["post-3254","page","type-page","status-publish","hentry"],"campaignId":"","_links":{"self":[{"href":"https:\/\/gezider.org\/tr\/wp-json\/wp\/v2\/pages\/3254","targetHints":{"allow":["GET"]}}],"collection":[{"href":"https:\/\/gezider.org\/tr\/wp-json\/wp\/v2\/pages"}],"about":[{"href":"https:\/\/gezider.org\/tr\/wp-json\/wp\/v2\/types\/page"}],"author":[{"embeddable":true,"href":"https:\/\/gezider.org\/tr\/wp-json\/wp\/v2\/users\/1"}],"replies":[{"embeddable":true,"href":"https:\/\/gezider.org\/tr\/wp-json\/wp\/v2\/comments?post=3254"}],"version-history":[{"count":1,"href":"https:\/\/gezider.org\/tr\/wp-json\/wp\/v2\/pages\/3254\/revisions"}],"predecessor-version":[{"id":3264,"href":"https:\/\/gezider.org\/tr\/wp-json\/wp\/v2\/pages\/3254\/revisions\/3264"}],"wp:attachment":[{"href":"https:\/\/gezider.org\/tr\/wp-json\/wp\/v2\/media?parent=3254"}],"curies":[{"name":"wp","href":"https:\/\/api.w.org\/{rel}","templated":true}]}}