{"id":3267,"date":"2022-09-07T02:28:26","date_gmt":"2022-09-07T02:28:26","guid":{"rendered":"https:\/\/gezider.org\/become-volunteer\/"},"modified":"2026-05-09T20:16:51","modified_gmt":"2026-05-09T17:16:51","slug":"become-volunteer","status":"publish","type":"page","link":"https:\/\/gezider.org\/tr\/become-volunteer\/","title":{"rendered":"G\u00f6n\u00fcll\u00fc Ol"},"content":{"rendered":"\t\t<div data-elementor-type=\"wp-page\" data-elementor-id=\"3267\" class=\"elementor elementor-3267\">\n\t\t\t\t\t\t<section class=\"elementor-section elementor-top-section elementor-element elementor-element-fec2226 elementor-section-full_width elementor-section-height-default elementor-section-height-default\" data-id=\"fec2226\" data-element_type=\"section\" data-e-type=\"section\">\n\t\t\t\t\t\t<div class=\"elementor-container elementor-column-gap-no\">\n\t\t\t\t\t<div class=\"elementor-column elementor-col-100 elementor-top-column elementor-element elementor-element-2f0b25f\" data-id=\"2f0b25f\" data-element_type=\"column\" data-e-type=\"column\">\n\t\t\t<div class=\"elementor-widget-wrap elementor-element-populated\">\n\t\t\t\t\t\t<div class=\"elementor-element elementor-element-b1e8be5 elementor-widget elementor-widget-html\" data-id=\"b1e8be5\" data-element_type=\"widget\" data-e-type=\"widget\" data-widget_type=\"html.default\">\n\t\t\t\t\t<iframe src=\"https:\/\/docs.google.com\/forms\/d\/e\/1FAIpQLSdoPaOveF2P4OEiDapSe8bjJI614R0DpdIRm-qEfS2RzkOlRg\/viewform?embedded=true\" width=\"100%\" height=\"5200\" style=\"border:none;\">Loading\u2026<\/iframe>\t\t\t\t<\/div>\n\t\t\t\t\t<\/div>\n\t\t<\/div>\n\t\t\t\t\t<\/div>\n\t\t<\/section>\n\t\t\t\t<\/div>\n\t\t","protected":false},"excerpt":{"rendered":"<p>Y\u00fckleniyor&#8230;<\/p>\n","protected":false},"author":1,"featured_media":0,"parent":0,"menu_order":0,"comment_status":"closed","ping_status":"closed","template":"elementor_header_footer","meta":{"give_campaign_id":0,"footnotes":""},"class_list":["post-3267","page","type-page","status-publish","hentry"],"campaignId":"","_links":{"self":[{"href":"https:\/\/gezider.org\/tr\/wp-json\/wp\/v2\/pages\/3267","targetHints":{"allow":["GET"]}}],"collection":[{"href":"https:\/\/gezider.org\/tr\/wp-json\/wp\/v2\/pages"}],"about":[{"href":"https:\/\/gezider.org\/tr\/wp-json\/wp\/v2\/types\/page"}],"author":[{"embeddable":true,"href":"https:\/\/gezider.org\/tr\/wp-json\/wp\/v2\/users\/1"}],"replies":[{"embeddable":true,"href":"https:\/\/gezider.org\/tr\/wp-json\/wp\/v2\/comments?post=3267"}],"version-history":[{"count":1,"href":"https:\/\/gezider.org\/tr\/wp-json\/wp\/v2\/pages\/3267\/revisions"}],"predecessor-version":[{"id":3287,"href":"https:\/\/gezider.org\/tr\/wp-json\/wp\/v2\/pages\/3267\/revisions\/3287"}],"wp:attachment":[{"href":"https:\/\/gezider.org\/tr\/wp-json\/wp\/v2\/media?parent=3267"}],"curies":[{"name":"wp","href":"https:\/\/api.w.org\/{rel}","templated":true}]}}