{"id":3271,"date":"2022-09-08T06:20:05","date_gmt":"2022-09-08T06:20:05","guid":{"rendered":"https:\/\/gezider.org\/contact\/"},"modified":"2026-05-09T20:18:49","modified_gmt":"2026-05-09T17:18:49","slug":"contact","status":"publish","type":"page","link":"https:\/\/gezider.org\/tr\/contact\/","title":{"rendered":"\u0130leti\u015fim"},"content":{"rendered":"\t\t<div data-elementor-type=\"wp-page\" data-elementor-id=\"3271\" class=\"elementor elementor-3271\">\n\t\t\t\t<div class=\"elementor-element elementor-element-2a9e3b6 e-con-full e-flex e-con e-parent\" data-id=\"2a9e3b6\" data-element_type=\"container\" data-e-type=\"container\">\n\t\t<div class=\"elementor-element elementor-element-500c1cd e-con-full e-flex e-con e-child\" data-id=\"500c1cd\" data-element_type=\"container\" data-e-type=\"container\">\n\t\t\t\t<div class=\"elementor-element elementor-element-71abe3e elementor-widget elementor-widget-oxpins-contact-form\" data-id=\"71abe3e\" data-element_type=\"widget\" data-e-type=\"widget\" data-widget_type=\"oxpins-contact-form.default\">\n\t\t\t\t<div class=\"elementor-widget-container\">\n\t\t\t\t\t\r\n    <!--Become Volunteer Page Start-->\r\n    <section class=\"become-volunteer-page\">\r\n        <div class=\"container\">\r\n\r\n            <div class=\"section-title text-center\">\r\n                                    <span class=\"section-title__tagline\">Contact with us<\/span>\r\n                                                    <h2 class=\"section-title__title\">Feel free to write us <br> anytime<\/h2>\r\n                            <\/div>\r\n\r\n            <div class=\"row\">\r\n                <div class=\"col-xl-6 col-lg-6\">\r\n                    <div class=\"become-volunteer-page__left\" style=\"background-image: url();\">\r\n                                                <div class=\"become-volunteer-page__content\">\r\n                                                            <h3 class=\"become-volunteer-page__title\"> 14 Kas\u0131m Mah. Kurtulu\u015f Cad.<\/h3>\r\n                                                                                        <p class=\"become-volunteer-page__text\">No. 5\/A PTT Kar\u015f\u0131s\u0131 MERKEZ, 76000 I\u011fd\u0131r<\/p>\r\n\r\n                                                                                        <ul class=\"list-unstyled become-volunteer__points ml-0\">\r\n                                                                    <\/ul>\r\n                                                    <\/div>\r\n                        <div class=\"become-volunteer__call\">\r\n                            <div class=\"become-volunteer__call-icon icon-svg\">\r\n                                <span aria-hidden=\"true\" class=\"  icon-chat\"><\/span>                            <\/div>\r\n                            <div class=\"become-volunteer__call-content\">\r\n                                <span>Call Us<\/span>\r\n                                <p><a href=\"#\">+90 476 606 0628<\/a><\/p>\r\n                            <\/div>\r\n                        <\/div>\r\n                    <\/div>\r\n                <\/div>\r\n                <div class=\"col-xl-6 col-lg-6\">\r\n                    <div class=\"become-volunteer-page__right\">\r\n                                                    <div class=\"wpcf7 no-js\" id=\"wpcf7-f473-o1\" lang=\"en-US\" dir=\"ltr\" data-wpcf7-id=\"473\">\n<div class=\"screen-reader-response\">\n<p role=\"status\" aria-live=\"polite\" aria-atomic=\"true\">\n<ul><\/ul>\n<\/div>\n<form action=\"\/tr\/wp-json\/wp\/v2\/pages\/3271#wpcf7-f473-o1\" method=\"post\" class=\"wpcf7-form init\" aria-label=\"Contact form\" novalidate=\"novalidate\" data-status=\"init\">\n<fieldset class=\"hidden-fields-container\"><input type=\"hidden\" name=\"_wpcf7\" value=\"473\" \/><input type=\"hidden\" name=\"_wpcf7_version\" value=\"6.1.5\" \/><input type=\"hidden\" name=\"_wpcf7_locale\" value=\"en_US\" \/><input type=\"hidden\" name=\"_wpcf7_unit_tag\" value=\"wpcf7-f473-o1\" \/><input type=\"hidden\" name=\"_wpcf7_container_post\" value=\"0\" \/><input type=\"hidden\" name=\"_wpcf7_posted_data_hash\" value=\"\" \/>\n<\/fieldset>\n<div class=\"contact-page__form contact-form-validated\">\n<div class=\"row\">\n<div class=\"col-xl-6\">\n<div class=\"contact-form__input-box\">\n<p><span class=\"wpcf7-form-control-wrap\" data-name=\"name\"><input size=\"40\" maxlength=\"400\" class=\"wpcf7-form-control wpcf7-text wpcf7-validates-as-required\" aria-required=\"true\" aria-invalid=\"false\" placeholder=\"Your name\" value=\"\" type=\"text\" name=\"name\" \/><\/span>\n\t\t\t\t<\/p>\n<\/p><\/div>\n<\/p><\/div>\n<div class=\"col-xl-6\">\n<div class=\"contact-form__input-box\">\n<p><span class=\"wpcf7-form-control-wrap\" data-name=\"email\"><input size=\"40\" maxlength=\"400\" class=\"wpcf7-form-control wpcf7-email wpcf7-validates-as-required wpcf7-text wpcf7-validates-as-email\" aria-required=\"true\" aria-invalid=\"false\" placeholder=\"Email address\" value=\"\" type=\"email\" name=\"email\" \/><\/span>\n\t\t\t\t<\/p>\n<\/p><\/div>\n<\/p><\/div>\n<div class=\"col-xl-6\">\n<div class=\"contact-form__input-box\">\n<p><span class=\"wpcf7-form-control-wrap\" data-name=\"Phone\"><input size=\"40\" maxlength=\"400\" class=\"wpcf7-form-control wpcf7-text wpcf7-validates-as-required\" aria-required=\"true\" aria-invalid=\"false\" placeholder=\"Phone\" value=\"\" type=\"text\" name=\"Phone\" \/><\/span>\n\t\t\t\t<\/p>\n<\/p><\/div>\n<\/p><\/div>\n<div class=\"col-xl-6\">\n<div class=\"contact-form__input-box\">\n<p><span class=\"wpcf7-form-control-wrap\" data-name=\"subject\"><input size=\"40\" maxlength=\"400\" class=\"wpcf7-form-control wpcf7-text wpcf7-validates-as-required\" aria-required=\"true\" aria-invalid=\"false\" placeholder=\"Subject\" value=\"\" type=\"text\" name=\"subject\" \/><\/span>\n\t\t\t\t<\/p>\n<\/p><\/div>\n<\/p><\/div>\n<\/p><\/div>\n<div class=\"row\">\n<div class=\"col-xl-12\">\n<div class=\"contact-form__input-box text-message-box\">\n<p><span class=\"wpcf7-form-control-wrap\" data-name=\"textarea-421\"><textarea cols=\"40\" rows=\"10\" maxlength=\"2000\" class=\"wpcf7-form-control wpcf7-textarea wpcf7-validates-as-required\" aria-required=\"true\" aria-invalid=\"false\" placeholder=\"Write a message\" name=\"textarea-421\"><\/textarea><\/span>\n\t\t\t\t<\/p>\n<\/p><\/div>\n<div class=\"contact-form__btn-box\">\n<p><button type=\"submit\" class=\"thm-btn contact-form__btn\">Send a message<\/button>\n\t\t\t\t<\/p>\n<\/p><\/div>\n<\/p><\/div>\n<\/p><\/div>\n<\/div>\n<div class=\"wpcf7-response-output\" aria-hidden=\"true\"><\/div>\n<\/form>\n<\/div>\n                                            <\/div>\r\n                <\/div>\r\n            <\/div>\r\n        <\/div>\r\n    <\/section>\r\n    <!--Become Volunteer Page End-->\r\n\r\n\t\t\t\t<\/div>\n\t\t\t\t<\/div>\n\t\t\t\t<\/div>\n\t\t\t\t<\/div>\n\t\t<div class=\"elementor-element elementor-element-94b8bc2 e-con-full e-flex e-con e-parent\" data-id=\"94b8bc2\" data-element_type=\"container\" data-e-type=\"container\">\n\t\t<div class=\"elementor-element elementor-element-0378d0f e-con-full e-flex e-con e-child\" data-id=\"0378d0f\" data-element_type=\"container\" data-e-type=\"container\">\n\t\t\t\t<div class=\"elementor-element elementor-element-421f278 elementor-widget elementor-widget-oxpins-info-box\" data-id=\"421f278\" data-element_type=\"widget\" data-e-type=\"widget\" data-widget_type=\"oxpins-info-box.default\">\n\t\t\t\t<div class=\"elementor-widget-container\">\n\t\t\t\t\t    <!--Contact One Start-->\r\n    <section class=\"contact-one\">\r\n        <div class=\"container\">\r\n            <div class=\"contact-one__inne\">\r\n                <ul class=\"list-unstyled contact-one__list ml-0\">\r\n                                                                        <li class=\"contact-one__single\">\r\n                                <div class=\"contact-one__icon icon-svg\">\r\n                                    <span aria-hidden=\"true\" class=\"  icon-phone-call\"><\/span>                                <\/div>\r\n                                <div class=\"contact-one__content\">\r\n                                    <p class=\"contact-one__sub-title\">Helpline<\/p>\r\n                                    <h3 class=\"contact-one__number\">\r\n                                        +90 476 606 0628                                    <\/h3>\r\n                                <\/div>\r\n                            <\/li>\r\n                                                    <li class=\"contact-one__single\">\r\n                                <div class=\"contact-one__icon icon-svg\">\r\n                                    <span aria-hidden=\"true\" class=\"   icon-message\"><\/span>                                <\/div>\r\n                                <div class=\"contact-one__content\">\r\n                                    <p class=\"contact-one__sub-title\">Send email<\/p>\r\n                                    <h3 class=\"contact-one__number\">\r\n                                        contact@gezider.org                                    <\/h3>\r\n                                <\/div>\r\n                            <\/li>\r\n                                                    <li class=\"contact-one__single\">\r\n                                <div class=\"contact-one__icon icon-svg\">\r\n                                    <span aria-hidden=\"true\" class=\"   icon-location\"><\/span>                                <\/div>\r\n                                <div class=\"contact-one__content\">\r\n                                    <p class=\"contact-one__sub-title\"> 14 Kas\u0131m Mah. Kurtulu\u015f Cad.<\/p>\r\n                                    <h3 class=\"contact-one__number\">\r\n                                        No. 5\/A PTT Kar\u015f\u0131s\u0131 MERKEZ, 76000 I\u011fd\u0131r                                    <\/h3>\r\n                                <\/div>\r\n                            <\/li>\r\n                                                            <\/ul>\r\n            <\/div>\r\n        <\/div>\r\n    <\/section>\r\n    <!--Contact One End-->\r\n\t\t\t\t<\/div>\n\t\t\t\t<\/div>\n\t\t\t\t<\/div>\n\t\t\t\t<\/div>\n\t\t\t\t<\/div>\n\t\t","protected":false},"excerpt":{"rendered":"<p>Bize Ula\u015f\u0131n \u0130stedi\u011finiz zamanula\u015fabilirsiniz 14 Kas\u0131m Mah. Kurtulu\u015f Cad. No. 5\/A PTT Kar\u015f\u0131s\u0131 MERKEZ, 76000 I\u011fd\u0131r Bizi Aray\u0131n +90 476 606 0628 Talebi G\u00f6nder Yard\u0131m Hatt\u0131 +90 476 606 0628 E-Posta G\u00f6nder contact@gezider.org 14 Kas\u0131m Mah. Kurtulu\u015f Cad. No. 5\/A PTT Kar\u015f\u0131s\u0131 MERKEZ, 76000 I\u011fd\u0131r<\/p>\n","protected":false},"author":1,"featured_media":0,"parent":0,"menu_order":0,"comment_status":"closed","ping_status":"closed","template":"elementor_header_footer","meta":{"give_campaign_id":0,"footnotes":""},"class_list":["post-3271","page","type-page","status-publish","hentry"],"campaignId":"","_links":{"self":[{"href":"https:\/\/gezider.org\/tr\/wp-json\/wp\/v2\/pages\/3271","targetHints":{"allow":["GET"]}}],"collection":[{"href":"https:\/\/gezider.org\/tr\/wp-json\/wp\/v2\/pages"}],"about":[{"href":"https:\/\/gezider.org\/tr\/wp-json\/wp\/v2\/types\/page"}],"author":[{"embeddable":true,"href":"https:\/\/gezider.org\/tr\/wp-json\/wp\/v2\/users\/1"}],"replies":[{"embeddable":true,"href":"https:\/\/gezider.org\/tr\/wp-json\/wp\/v2\/comments?post=3271"}],"version-history":[{"count":1,"href":"https:\/\/gezider.org\/tr\/wp-json\/wp\/v2\/pages\/3271\/revisions"}],"predecessor-version":[{"id":3288,"href":"https:\/\/gezider.org\/tr\/wp-json\/wp\/v2\/pages\/3271\/revisions\/3288"}],"wp:attachment":[{"href":"https:\/\/gezider.org\/tr\/wp-json\/wp\/v2\/media?parent=3271"}],"curies":[{"name":"wp","href":"https:\/\/api.w.org\/{rel}","templated":true}]}}