{"id":3289,"date":"2022-09-06T13:37:06","date_gmt":"2022-09-06T13:37:06","guid":{"rendered":"https:\/\/gezider.org\/about\/"},"modified":"2026-05-09T20:50:36","modified_gmt":"2026-05-09T17:50:36","slug":"about","status":"publish","type":"page","link":"https:\/\/gezider.org\/tr\/about\/","title":{"rendered":"Hakk\u0131m\u0131zda"},"content":{"rendered":"\t\t<div data-elementor-type=\"wp-page\" data-elementor-id=\"3289\" class=\"elementor elementor-3289\">\n\t\t\t\t\t\t<section class=\"elementor-section elementor-top-section elementor-element elementor-element-44a0833 elementor-section-full_width elementor-section-height-default elementor-section-height-default\" data-id=\"44a0833\" data-element_type=\"section\" data-e-type=\"section\">\n\t\t\t\t\t\t<div class=\"elementor-container elementor-column-gap-no\">\n\t\t\t\t\t<div class=\"elementor-column elementor-col-100 elementor-top-column elementor-element elementor-element-0ac8268\" data-id=\"0ac8268\" data-element_type=\"column\" data-e-type=\"column\">\n\t\t\t<div class=\"elementor-widget-wrap elementor-element-populated\">\n\t\t\t\t\t\t<div class=\"elementor-element elementor-element-06080b0 elementor-widget elementor-widget-oxpins-about\" data-id=\"06080b0\" data-element_type=\"widget\" data-e-type=\"widget\" data-widget_type=\"oxpins-about.default\">\n\t\t\t\t<div class=\"elementor-widget-container\">\n\t\t\t\t\t\t<!--About Four Start-->\r\n\t<section class=\"about-four\">\r\n\t\t<div class=\"container\">\r\n\t\t\t<div class=\"row\">\r\n\t\t\t\t<div class=\"col-xl-6\">\r\n\t\t\t\t\t<div class=\"about-four__left\">\r\n\t\t\t\t\t\t<div class=\"about-four__img-box\">\r\n\t\t\t\t\t\t\t\t\t\t\t\t\t\t\t<div class=\"about-four__img\">\r\n\t\t\t\t\t\t\t\t\t<img decoding=\"async\" src=\"https:\/\/gezider.org\/wp-content\/uploads\/2025\/10\/elevate-nYgy58eb9aw-unsplash-scaled.jpg\" alt=\"\">\r\n\t\t\t\t\t\t\t\t<\/div>\r\n\t\t\t\t\t\t\t\t\t\t\t\t\t\t\t\t\t\t\t\t\t\t<div class=\"about-four__img-two\">\r\n\t\t\t\t\t\t\t\t\t<img decoding=\"async\" src=\"https:\/\/gezider.org\/wp-content\/uploads\/2025\/10\/helena-lopes-e3OUQGT9bWU-unsplash-scaled.jpg\" alt=\"\">\r\n\t\t\t\t\t\t\t\t<\/div>\r\n\t\t\t\t\t\t\t\t\t\t\t\t\t\t<div class=\"about-four__border\"><\/div>\r\n\t\t\t\t\t\t<\/div>\r\n\t\t\t\t\t<\/div>\r\n\t\t\t\t<\/div>\r\n\t\t\t\t<div class=\"col-xl-6\">\r\n\t\t\t\t\t<div class=\"about-four__right\">\r\n\t\t\t\t\t\t\t\t\t\t\t\t\t<div class=\"section-title text-left\">\r\n\t\t\t\t\t\t\t\t\t\t\t\t\t\t\t\t\t<span class=\"section-title__tagline\">About Gezider<\/span>\r\n\t\t\t\t\t\t\t\t\t\t\t\t\t\t\t\t\t\t\t\t\t\t\t\t\t<h2 class=\"section-title__title\">Get to know about our  oxpins organization<\/h2>\r\n\t\t\t\t\t\t\t\t\t\t\t\t\t\t\t<\/div>\r\n\t\t\t\t\t\t\t\t\t\t\t\t\t\t\t\t\t\t\t<p class=\"about-four__text\">GEZ\u0130DER (Young Intelligence Association) is a youth-focused NGO based in I\u011fd\u0131r, the easternmost city of Turkey. Since 2016, we have been empowering thousands of young people from diverse backgrounds through local initiatives and European cooperation. Our independent teams work in education, technology, psychology, and digital media\u2014creating opportunities for learning, growth, and international partnership.<\/p>\r\n\t\t\t\t\t\t\t\t\t\t\t\t\t\t\t\t\t\t\t<ul class=\"list-unstyled about-four__points ml-0\">\r\n\t\t\t\t\t\t\t\t\t\t\t\t\t\t\t\t\t<li>\r\n\t\t\t\t\t\t\t\t\t\t<div class=\"icon\">\r\n\t\t\t\t\t\t\t\t\t\t\t<i aria-hidden=\"true\" class=\"  fa fa-check\"><\/i>\t\t\t\t\t\t\t\t\t\t<\/div>\r\n\t\t\t\t\t\t\t\t\t\t<div class=\"text\">\r\n\t\t\t\t\t\t\t\t\t\t\t<p>Supporting teachers and schools with ICT and digital pedagogy<\/p>\r\n\t\t\t\t\t\t\t\t\t\t<\/div>\r\n\t\t\t\t\t\t\t\t\t<\/li>\r\n\t\t\t\t\t\t\t\t\t\t\t\t\t\t\t\t\t<li>\r\n\t\t\t\t\t\t\t\t\t\t<div class=\"icon\">\r\n\t\t\t\t\t\t\t\t\t\t\t<i aria-hidden=\"true\" class=\"  fa fa-check\"><\/i>\t\t\t\t\t\t\t\t\t\t<\/div>\r\n\t\t\t\t\t\t\t\t\t\t<div class=\"text\">\r\n\t\t\t\t\t\t\t\t\t\t\t<p>Delivering coding and creative digital training for youth and educators<\/p>\r\n\t\t\t\t\t\t\t\t\t\t<\/div>\r\n\t\t\t\t\t\t\t\t\t<\/li>\r\n\t\t\t\t\t\t\t\t\t\t\t\t\t\t\t\t\t<li>\r\n\t\t\t\t\t\t\t\t\t\t<div class=\"icon\">\r\n\t\t\t\t\t\t\t\t\t\t\t<i aria-hidden=\"true\" class=\"  fa fa-check\"><\/i>\t\t\t\t\t\t\t\t\t\t<\/div>\r\n\t\t\t\t\t\t\t\t\t\t<div class=\"text\">\r\n\t\t\t\t\t\t\t\t\t\t\t<p>Promoting civic engagement, inclusion, and cross-cultural dialogue<\/p>\r\n\t\t\t\t\t\t\t\t\t\t<\/div>\r\n\t\t\t\t\t\t\t\t\t<\/li>\r\n\t\t\t\t\t\t\t\t\t\t\t\t\t\t\t<\/ul>\r\n\t\t\t\t\t\t\t\t\t\t\t\t\t\t\t\t\t<\/div>\r\n\t\t\t\t<\/div>\r\n\t\t\t<\/div>\r\n\t\t<\/div>\r\n\t<\/section>\r\n\t<!--About Four End-->\r\n\t\t\t\t<\/div>\n\t\t\t\t<\/div>\n\t\t\t\t\t<\/div>\n\t\t<\/div>\n\t\t\t\t\t<\/div>\n\t\t<\/section>\n\t\t\t\t<section class=\"elementor-section elementor-top-section elementor-element elementor-element-59b7c63e elementor-section-full_width elementor-section-height-default elementor-section-height-default\" data-id=\"59b7c63e\" data-element_type=\"section\" data-e-type=\"section\">\n\t\t\t\t\t\t<div class=\"elementor-container elementor-column-gap-no\">\n\t\t\t\t\t<div class=\"elementor-column elementor-col-100 elementor-top-column elementor-element elementor-element-7754857e\" data-id=\"7754857e\" data-element_type=\"column\" data-e-type=\"column\">\n\t\t\t<div class=\"elementor-widget-wrap elementor-element-populated\">\n\t\t\t\t\t\t<div class=\"elementor-element elementor-element-3137c62 elementor-widget elementor-widget-oxpins-call-to-action\" data-id=\"3137c62\" data-element_type=\"widget\" data-e-type=\"widget\" data-widget_type=\"oxpins-call-to-action.default\">\n\t\t\t\t<div class=\"elementor-widget-container\">\n\t\t\t\t\t\r\n    <!--Become Volunteer One Start-->\r\n    <section class=\"become-volunteer-one\">\r\n                    <div class=\"become-volunteer-one__bg-box\">\r\n                <div class=\"become-volunteer-one__bg jarallax\" data-jarallax data-speed=\"0.2\" data-imgPosition=\"50% 0%\" style=\"background-image: url(https:\/\/gezider.org\/wp-content\/uploads\/2025\/10\/desire-kranenburg-YOUFgQmmoOw-unsplash-scaled.jpg);\"><\/div>\r\n            <\/div>\r\n                            <div class=\"become-volunteer-one__shape-1\" style=\"background-image: url(https:\/\/oxpinswp.pixydrops.com\/wp-content\/uploads\/2022\/09\/become-volunteer-shape-1.png);\"><\/div>\r\n                <div class=\"container\">\r\n            <div class=\"become-volunteer-one__inner\">\r\n                                    <p class=\"become-volunteer-one__sub-title\">Become a Volunteers<\/p>\r\n                                                    <h3 class=\"become-volunteer-one__title\">Empower Others. Enrich Yourself.<\/h3>\r\n                                            <\/div>\r\n        <\/div>\r\n    <\/section>\r\n    <!--Become Volunteer One End-->\r\n\r\n\t\t\t\t<\/div>\n\t\t\t\t<\/div>\n\t\t\t\t\t<\/div>\n\t\t<\/div>\n\t\t\t\t\t<\/div>\n\t\t<\/section>\n\t\t\t\t<section class=\"elementor-section elementor-top-section elementor-element elementor-element-4b718b3 elementor-section-full_width elementor-section-height-default elementor-section-height-default\" data-id=\"4b718b3\" data-element_type=\"section\" data-e-type=\"section\">\n\t\t\t\t\t\t<div class=\"elementor-container elementor-column-gap-no\">\n\t\t\t\t\t<div class=\"elementor-column elementor-col-100 elementor-top-column elementor-element elementor-element-2fc5224\" data-id=\"2fc5224\" data-element_type=\"column\" data-e-type=\"column\">\n\t\t\t<div class=\"elementor-widget-wrap elementor-element-populated\">\n\t\t\t\t\t\t<div class=\"elementor-element elementor-element-616fa8f elementor-widget elementor-widget-oxpins-faq\" data-id=\"616fa8f\" data-element_type=\"widget\" data-e-type=\"widget\" data-widget_type=\"oxpins-faq.default\">\n\t\t\t\t<div class=\"elementor-widget-container\">\n\t\t\t\t\t\t<!--FAQ One Start-->\r\n\t<section class=\"faq-one faq-two\">\r\n\t\t\t\t\t<div class=\"faq-one-shape-1\" style=\"background-image: url(https:\/\/oxpinswp.pixydrops.com\/wp-content\/uploads\/2022\/09\/faq-one-shape-1-1.png);\"><\/div>\r\n\t\t\t\t\t\t<div class=\"container\">\r\n\t\t\t<div class=\"row\">\r\n\t\t\t\t<div class=\"col-xl-6 col-lg-6\">\r\n\t\t\t\t\t<div class=\"faq-one__left\">\r\n\t\t\t\t\t\t\t\t\t\t\t\t\t<div class=\"section-title text-left\">\r\n\t\t\t\t\t\t\t\t\t\t\t\t\t\t\t\t\t<span class=\"section-title__tagline\">Recently asked questions\n<\/span>\r\n\t\t\t\t\t\t\t\t\t\t\t\t\t\t\t\t\t\t\t\t\t\t\t\t\t<h2 class=\"section-title__title\">People are frequently asking some questions from us<\/h2>\r\n\t\t\t\t\t\t\t\t\t\t\t\t\t\t\t<\/div>\r\n\t\t\t\t\t\t\t\t\t\t\t\t\t\t\t\t\t\t\t<p class=\"faq-one__text-1\">Proactively procrastinate cross-platform results via extensive ideas distinctively underwhelm enterprise. Compellingly plagiarize value-added sources with inexpensive schemas.\n\n<\/p>\r\n\t\t\t\t\t\t\t\t\t\t\t\t\t\t\t\t\t<\/div>\r\n\t\t\t\t<\/div>\r\n\t\t\t\t<div class=\"col-xl-6 col-lg-6\">\r\n\t\t\t\t\t<div class=\"faq-one__right\">\r\n\t\t\t\t\t\t<div class=\"accrodion-grp faq-one-accrodion\" data-grp-name=\"faq-one-accrodion-6a0328dcf02a0\">\r\n\t\t\t\t\t\t\t\t\t\t\t\t\t\t\t<div class=\"accrodion active\">\r\n\t\t\t\t\t\t\t\t\t<div class=\"accrodion-title\">\r\n\t\t\t\t\t\t\t\t\t\t<h4>Who can join GEZ\u0130DER\u2019s activities?<\/h4>\r\n\t\t\t\t\t\t\t\t\t<\/div>\r\n\t\t\t\t\t\t\t\t\t<div class=\"accrodion-content\">\r\n\t\t\t\t\t\t\t\t\t\t<div class=\"inner\">\r\n\t\t\t\t\t\t\t\t\t\t\t<p>Our activities are open to young people from all backgrounds, teachers, educators, and anyone passionate about personal and community development.<\/p>\r\n\t\t\t\t\t\t\t\t\t\t<\/div><!-- \/.inner -->\r\n\t\t\t\t\t\t\t\t\t<\/div>\r\n\t\t\t\t\t\t\t\t<\/div>\r\n\t\t\t\t\t\t\t\t\t\t\t\t\t\t\t<div class=\"accrodion \">\r\n\t\t\t\t\t\t\t\t\t<div class=\"accrodion-title\">\r\n\t\t\t\t\t\t\t\t\t\t<h4>How can I become a volunteer?<\/h4>\r\n\t\t\t\t\t\t\t\t\t<\/div>\r\n\t\t\t\t\t\t\t\t\t<div class=\"accrodion-content\">\r\n\t\t\t\t\t\t\t\t\t\t<div class=\"inner\">\r\n\t\t\t\t\t\t\t\t\t\t\t<p>Simply fill out our online volunteer application form or contact us through contact@gezider.org. We welcome motivated individuals who want to make a difference!<\/p>\r\n\t\t\t\t\t\t\t\t\t\t<\/div><!-- \/.inner -->\r\n\t\t\t\t\t\t\t\t\t<\/div>\r\n\t\t\t\t\t\t\t\t<\/div>\r\n\t\t\t\t\t\t\t\t\t\t\t\t\t\t\t<div class=\"accrodion \">\r\n\t\t\t\t\t\t\t\t\t<div class=\"accrodion-title\">\r\n\t\t\t\t\t\t\t\t\t\t<h4>Which international projects is GEZ\u0130DER involved in?<\/h4>\r\n\t\t\t\t\t\t\t\t\t<\/div>\r\n\t\t\t\t\t\t\t\t\t<div class=\"accrodion-content\">\r\n\t\t\t\t\t\t\t\t\t\t<div class=\"inner\">\r\n\t\t\t\t\t\t\t\t\t\t\t<p>We participate in various Erasmus+ youth exchanges, training courses, and mobility programs focused on digital literacy, social inclusion, healthy lifestyles, and more. You can find detailed info in our \u201cProjects\u201d section.<\/p>\r\n\t\t\t\t\t\t\t\t\t\t<\/div><!-- \/.inner -->\r\n\t\t\t\t\t\t\t\t\t<\/div>\r\n\t\t\t\t\t\t\t\t<\/div>\r\n\t\t\t\t\t\t\t\t\t\t\t\t\t<\/div>\r\n\t\t\t\t\t<\/div>\r\n\t\t\t\t<\/div>\r\n\t\t\t<\/div>\r\n\t\t<\/div>\r\n\t<\/section>\r\n\t<!--FAQ One End-->\r\n\t\t\t\t<\/div>\n\t\t\t\t<\/div>\n\t\t\t\t\t<\/div>\n\t\t<\/div>\n\t\t\t\t\t<\/div>\n\t\t<\/section>\n\t\t\t\t<\/div>\n\t\t","protected":false},"excerpt":{"rendered":"<p>GEZ\u0130DER Hakk\u0131nda Get to know about our oxpins organization GEZ\u0130DER (Gen\u00e7 Zihin Derne\u011fi), T\u00fcrkiye&#8217;nin en do\u011fu \u015fehri I\u011fd\u0131r&#8217;da yerle\u015fik, gen\u00e7lere odakl\u0131 bir STK&#8217;d\u0131r. 2016 y\u0131l\u0131ndan beri, yerel giri\u015fimler ve Avrupa i\u015f birli\u011fi yoluyla \u00e7e\u015fitli ge\u00e7mi\u015flere sahip binlerce genci g\u00fc\u00e7lendiriyoruz. Ba\u011f\u0131ms\u0131z ekiplerimiz e\u011fitim, teknoloji, psikoloji ve dijital medya alanlar\u0131nda \u00e7al\u0131\u015farak \u00f6\u011frenme, geli\u015fim ve uluslararas\u0131 ortakl\u0131k f\u0131rsatlar\u0131 [&hellip;]<\/p>\n","protected":false},"author":1,"featured_media":0,"parent":0,"menu_order":0,"comment_status":"closed","ping_status":"closed","template":"elementor_header_footer","meta":{"give_campaign_id":0,"footnotes":""},"class_list":["post-3289","page","type-page","status-publish","hentry"],"campaignId":"","_links":{"self":[{"href":"https:\/\/gezider.org\/tr\/wp-json\/wp\/v2\/pages\/3289","targetHints":{"allow":["GET"]}}],"collection":[{"href":"https:\/\/gezider.org\/tr\/wp-json\/wp\/v2\/pages"}],"about":[{"href":"https:\/\/gezider.org\/tr\/wp-json\/wp\/v2\/types\/page"}],"author":[{"embeddable":true,"href":"https:\/\/gezider.org\/tr\/wp-json\/wp\/v2\/users\/1"}],"replies":[{"embeddable":true,"href":"https:\/\/gezider.org\/tr\/wp-json\/wp\/v2\/comments?post=3289"}],"version-history":[{"count":1,"href":"https:\/\/gezider.org\/tr\/wp-json\/wp\/v2\/pages\/3289\/revisions"}],"predecessor-version":[{"id":3325,"href":"https:\/\/gezider.org\/tr\/wp-json\/wp\/v2\/pages\/3289\/revisions\/3325"}],"wp:attachment":[{"href":"https:\/\/gezider.org\/tr\/wp-json\/wp\/v2\/media?parent=3289"}],"curies":[{"name":"wp","href":"https:\/\/api.w.org\/{rel}","templated":true}]}}