{"id":3292,"date":"2025-10-23T15:27:21","date_gmt":"2025-10-23T12:27:21","guid":{"rendered":"https:\/\/gezider.org\/financial-affairs\/"},"modified":"2026-05-09T20:44:33","modified_gmt":"2026-05-09T17:44:33","slug":"financial-affairs","status":"publish","type":"page","link":"https:\/\/gezider.org\/tr\/financial-affairs\/","title":{"rendered":"Mali \u0130\u015fler"},"content":{"rendered":"\t\t<div data-elementor-type=\"wp-page\" data-elementor-id=\"3292\" class=\"elementor elementor-3292\">\n\t\t\t\t<div class=\"elementor-element elementor-element-6484da39 e-flex e-con-boxed e-con e-parent\" data-id=\"6484da39\" data-element_type=\"container\" data-e-type=\"container\">\n\t\t\t\t\t<div class=\"e-con-inner\">\n\t\t\t\t<div class=\"elementor-element elementor-element-51cacdaa elementor-widget elementor-widget-text-editor\" data-id=\"51cacdaa\" data-element_type=\"widget\" data-e-type=\"widget\" data-widget_type=\"text-editor.default\">\n\t\t\t\t\t\t\t\t\t<p>IMPORTANT ANNOUNCEMENT REGARDING FINANCIAL AFFAIRS<\/p><p>The bank account details of our association are as follows. When making membership fee payments, it is very important to write your name, surname, Turkish ID number, and the word &#8220;aidat&#8221; (membership fee) in the payment description section. Please make sure to deposit membership dues in increments of 5 TL.<\/p><p>ATTENTION TO THOSE MAKING PAYMENTS FROM ABROAD!<\/p><p>Before making a payment from abroad to our association, you must notify us and obtain approval.<\/p><p>T.C. ZIRAAT BANK A.\u015e.<\/p><p>ACCOUNT HOLDER NAME: YOUNG MINDS ASSOCIATION<\/p><p>\u00a0<\/p><table><thead><tr><th>Currency<\/th><th>Account No<\/th><th>IBAN<\/th><\/tr><\/thead><tbody><tr><td>Turkish Lira<\/td><td>82217145-5007<\/td><td>TR 7900 0100 2789 8221 7145 5007<\/td><\/tr><tr><td>Euro<\/td><td>82217145-500<\/td><td>TR 5200 0100 2789 8221 7145 5008<\/td><\/tr><\/tbody><\/table><p>GEZ\u0130DER Young Minds Association \u2013 Financial Affairs Unit<\/p>\t\t\t\t\t\t\t\t<\/div>\n\t\t\t\t\t<\/div>\n\t\t\t\t<\/div>\n\t\t\t\t<\/div>\n\t\t","protected":false},"excerpt":{"rendered":"<p>MAL\u0130 \u0130\u015eLERLE \u0130LG\u0130L\u0130 \u00d6NEML\u0130 DUYURU Derne\u011fimizin banka hesap bilgileri a\u015fa\u011f\u0131daki gibidir. \u00dcyelik aidat\u0131 \u00f6demelerinde, \u00f6deme a\u00e7\u0131klama k\u0131sm\u0131na ad\u0131n\u0131z\u0131, soyad\u0131n\u0131z\u0131, T\u00fcrk kimlik numaran\u0131z\u0131 ve &#8220;aidat&#8221; (\u00fcyelik aidat\u0131) kelimesini yazman\u0131z \u00e7ok \u00f6nemlidir. L\u00fctfen \u00fcyelik aidatlar\u0131n\u0131 5 TL&#8217;lik taksitler halinde yat\u0131rd\u0131\u011f\u0131n\u0131zdan emin olun. YURT DI\u015eINDAN \u00d6DEME YAPANLARIN D\u0130KKAT\u0130NE! Derne\u011fimize yurt d\u0131\u015f\u0131ndan \u00f6deme yapmadan \u00f6nce, bizi bilgilendirmeniz ve onay [&hellip;]<\/p>\n","protected":false},"author":1,"featured_media":0,"parent":0,"menu_order":0,"comment_status":"closed","ping_status":"closed","template":"","meta":{"give_campaign_id":0,"footnotes":""},"class_list":["post-3292","page","type-page","status-publish","hentry"],"campaignId":"","_links":{"self":[{"href":"https:\/\/gezider.org\/tr\/wp-json\/wp\/v2\/pages\/3292","targetHints":{"allow":["GET"]}}],"collection":[{"href":"https:\/\/gezider.org\/tr\/wp-json\/wp\/v2\/pages"}],"about":[{"href":"https:\/\/gezider.org\/tr\/wp-json\/wp\/v2\/types\/page"}],"author":[{"embeddable":true,"href":"https:\/\/gezider.org\/tr\/wp-json\/wp\/v2\/users\/1"}],"replies":[{"embeddable":true,"href":"https:\/\/gezider.org\/tr\/wp-json\/wp\/v2\/comments?post=3292"}],"version-history":[{"count":1,"href":"https:\/\/gezider.org\/tr\/wp-json\/wp\/v2\/pages\/3292\/revisions"}],"predecessor-version":[{"id":3315,"href":"https:\/\/gezider.org\/tr\/wp-json\/wp\/v2\/pages\/3292\/revisions\/3315"}],"wp:attachment":[{"href":"https:\/\/gezider.org\/tr\/wp-json\/wp\/v2\/media?parent=3292"}],"curies":[{"name":"wp","href":"https:\/\/api.w.org\/{rel}","templated":true}]}}